{"id":1692,"date":"2023-08-19T21:41:33","date_gmt":"2023-08-19T18:41:33","guid":{"rendered":"https:\/\/fineartsconstruction.com\/?page_id=1692"},"modified":"2023-10-11T04:07:49","modified_gmt":"2023-10-11T01:07:49","slug":"projects","status":"publish","type":"page","link":"https:\/\/fineartsconstruction.com\/en\/projects\/","title":{"rendered":"Our Projects"},"content":{"rendered":"\t\t<div data-elementor-type=\"wp-page\" data-elementor-id=\"1692\" class=\"elementor elementor-1692 elementor-915\" data-elementor-post-type=\"page\">\n\t\t\t\t<div class=\"elementor-element elementor-element-89c7d62 e-con-full e-flex e-con e-parent\" data-id=\"89c7d62\" data-element_type=\"container\">\n\t\t<a class=\"elementor-element elementor-element-147eac6 e-con-full e-flex e-con e-child\" data-id=\"147eac6\" data-element_type=\"container\" data-settings=\"{&quot;background_background&quot;:&quot;video&quot;,&quot;background_video_link&quot;:&quot;https:\\\/\\\/fineartsconstruction.com\\\/wp-content\\\/uploads\\\/2023\\\/08\\\/WhatsApp-Video-2023-06-14-at-12.37.01.mp4&quot;}\" href=\"https:\/\/fineartsconstruction.com\/projeler\/42ndstreet\/\">\n\t\t<div class=\"elementor-background-video-container elementor-hidden-phone\">\n\t\t\t\t\t\t\t<video class=\"elementor-background-video-hosted elementor-html5-video\" autoplay muted playsinline loop><\/video>\n\t\t\t\t\t<\/div><div class=\"elementor-element elementor-element-909f0c1 e-con-full e-flex e-con e-child\" data-id=\"909f0c1\" data-element_type=\"container\">\n\t\t\t\t<div class=\"elementor-element elementor-element-56a6a7a elementor-widget__width-inherit elementor-widget elementor-widget-text-editor\" data-id=\"56a6a7a\" data-element_type=\"widget\" data-widget_type=\"text-editor.default\">\n\t\t\t\t<div class=\"elementor-widget-container\">\n\t\t\t\t\t\t\t<h2>42nd STREET<\/h2>\n<h5>Mall &amp; Residence<\/h5>\t\t\t\t\t\t<\/div>\n\t\t\t\t<\/div>\n\t\t\t\t<\/div>\n\t\t\t\t<\/a>\n\t\t<a class=\"elementor-element elementor-element-fe7460d e-con-full e-flex e-con e-child\" data-id=\"fe7460d\" data-element_type=\"container\" data-settings=\"{&quot;background_background&quot;:&quot;video&quot;,&quot;background_video_link&quot;:&quot;https:\\\/\\\/fineartsconstruction.com\\\/wp-content\\\/uploads\\\/2023\\\/09\\\/Eagle-slide.webm&quot;}\" href=\"https:\/\/fineartsconstruction.com\/projeler\/eagles-nest\/\">\n\t\t<div class=\"elementor-background-video-container elementor-hidden-phone\">\n\t\t\t\t\t\t\t<video class=\"elementor-background-video-hosted elementor-html5-video\" autoplay muted playsinline loop><\/video>\n\t\t\t\t\t<\/div><div class=\"elementor-element elementor-element-c8fc894 e-con-full e-flex e-con e-child\" data-id=\"c8fc894\" data-element_type=\"container\">\n\t\t\t\t<div class=\"elementor-element elementor-element-306c320 elementor-widget__width-inherit elementor-widget elementor-widget-text-editor\" data-id=\"306c320\" data-element_type=\"widget\" data-widget_type=\"text-editor.default\">\n\t\t\t\t<div class=\"elementor-widget-container\">\n\t\t\t\t\t\t\t<h2>Eagle Nest<\/h2><h5>Residence<\/h5>\t\t\t\t\t\t<\/div>\n\t\t\t\t<\/div>\n\t\t\t\t<\/div>\n\t\t\t\t<\/a>\n\t\t<a class=\"elementor-element elementor-element-bbfb705 e-con-full e-flex e-con e-child\" data-id=\"bbfb705\" data-element_type=\"container\" data-settings=\"{&quot;background_background&quot;:&quot;video&quot;,&quot;background_video_link&quot;:&quot;https:\\\/\\\/vimeo.com\\\/101274074&quot;}\" href=\"https:\/\/fineartsconstruction.com\/projeler\/onceki-projelerimiz\/\">\n\t\t<div class=\"elementor-background-video-container elementor-hidden-phone\">\n\t\t\t\t\t\t\t<div class=\"elementor-background-video-embed\"><\/div>\n\t\t\t\t\t\t<\/div><div class=\"elementor-element elementor-element-0a4d3b2 e-con-full e-flex e-con e-child\" data-id=\"0a4d3b2\" data-element_type=\"container\">\n\t\t\t\t<div class=\"elementor-element elementor-element-249aa72 elementor-widget__width-inherit elementor-widget elementor-widget-text-editor\" data-id=\"249aa72\" data-element_type=\"widget\" data-widget_type=\"text-editor.default\">\n\t\t\t\t<div class=\"elementor-widget-container\">\n\t\t\t\t\t\t\t<h2>Previous<\/h2><h5>Projects<\/h5>\t\t\t\t\t\t<\/div>\n\t\t\t\t<\/div>\n\t\t\t\t<\/div>\n\t\t\t\t<\/a>\n\t\t\t\t<\/div>\n\t\t\t\t<\/div>\n\t\t","protected":false},"excerpt":{"rendered":"<p>42nd STREET Mall &amp; Residence Eagle Nest Residence Previous Projects<\/p>\n","protected":false},"author":3,"featured_media":0,"parent":0,"menu_order":0,"comment_status":"closed","ping_status":"closed","template":"","meta":{"site-sidebar-layout":"no-sidebar","site-content-layout":"page-builder","ast-site-content-layout":"full-width-container","site-content-style":"unboxed","site-sidebar-style":"unboxed","ast-global-header-display":"","ast-banner-title-visibility":"","ast-main-header-display":"","ast-hfb-above-header-display":"","ast-hfb-below-header-display":"","ast-hfb-mobile-header-display":"","site-post-title":"disabled","ast-breadcrumbs-content":"","ast-featured-img":"disabled","footer-sml-layout":"","theme-transparent-header-meta":"default","adv-header-id-meta":"","stick-header-meta":"","header-above-stick-meta":"","header-main-stick-meta":"","header-below-stick-meta":"","astra-migrate-meta-layouts":"set","ast-page-background-enabled":"default","ast-page-background-meta":{"desktop":{"background-color":"","background-image":"","background-repeat":"repeat","background-position":"center center","background-size":"auto","background-attachment":"scroll","background-type":"","background-media":"","overlay-type":"","overlay-color":"","overlay-opacity":"","overlay-gradient":""},"tablet":{"background-color":"","background-image":"","background-repeat":"repeat","background-position":"center center","background-size":"auto","background-attachment":"scroll","background-type":"","background-media":"","overlay-type":"","overlay-color":"","overlay-opacity":"","overlay-gradient":""},"mobile":{"background-color":"","background-image":"","background-repeat":"repeat","background-position":"center center","background-size":"auto","background-attachment":"scroll","background-type":"","background-media":"","overlay-type":"","overlay-color":"","overlay-opacity":"","overlay-gradient":""}},"ast-content-background-meta":{"desktop":{"background-color":"var(--ast-global-color-5)","background-image":"","background-repeat":"repeat","background-position":"center center","background-size":"auto","background-attachment":"scroll","background-type":"","background-media":"","overlay-type":"","overlay-color":"","overlay-opacity":"","overlay-gradient":""},"tablet":{"background-color":"var(--ast-global-color-5)","background-image":"","background-repeat":"repeat","background-position":"center center","background-size":"auto","background-attachment":"scroll","background-type":"","background-media":"","overlay-type":"","overlay-color":"","overlay-opacity":"","overlay-gradient":""},"mobile":{"background-color":"var(--ast-global-color-5)","background-image":"","background-repeat":"repeat","background-position":"center center","background-size":"auto","background-attachment":"scroll","background-type":"","background-media":"","overlay-type":"","overlay-color":"","overlay-opacity":"","overlay-gradient":""}},"_themeisle_gutenberg_block_has_review":false,"footnotes":""},"class_list":["post-1692","page","type-page","status-publish","hentry"],"yoast_head":"<!-- This site is optimized with the Yoast SEO plugin v27.5 - https:\/\/yoast.com\/product\/yoast-seo-wordpress\/ -->\n<title>Our Projects - Fine Arts Construction<\/title>\n<meta name=\"robots\" content=\"index, follow, max-snippet:-1, max-image-preview:large, max-video-preview:-1\" \/>\n<link rel=\"canonical\" href=\"https:\/\/fineartsconstruction.com\/en\/projects\/\" \/>\n<meta property=\"og:locale\" content=\"en_US\" \/>\n<meta property=\"og:type\" content=\"article\" \/>\n<meta property=\"og:title\" content=\"Our Projects - Fine Arts Construction\" \/>\n<meta property=\"og:description\" content=\"42nd STREET Mall &amp; Residence Eagle Nest Residence Previous Projects\" \/>\n<meta property=\"og:url\" content=\"https:\/\/fineartsconstruction.com\/en\/projects\/\" \/>\n<meta property=\"og:site_name\" content=\"Fine Arts Construction\" \/>\n<meta property=\"article:modified_time\" content=\"2023-10-11T01:07:49+00:00\" \/>\n<meta name=\"twitter:card\" content=\"summary_large_image\" \/>\n<meta name=\"twitter:label1\" content=\"Est. reading time\" \/>\n\t<meta name=\"twitter:data1\" content=\"1 minute\" \/>\n<script type=\"application\/ld+json\" class=\"yoast-schema-graph\">{\"@context\":\"https:\\\/\\\/schema.org\",\"@graph\":[{\"@type\":\"WebPage\",\"@id\":\"https:\\\/\\\/fineartsconstruction.com\\\/en\\\/projects\\\/\",\"url\":\"https:\\\/\\\/fineartsconstruction.com\\\/en\\\/projects\\\/\",\"name\":\"Our Projects - Fine Arts Construction\",\"isPartOf\":{\"@id\":\"https:\\\/\\\/fineartsconstruction.com\\\/#website\"},\"datePublished\":\"2023-08-19T18:41:33+00:00\",\"dateModified\":\"2023-10-11T01:07:49+00:00\",\"breadcrumb\":{\"@id\":\"https:\\\/\\\/fineartsconstruction.com\\\/en\\\/projects\\\/#breadcrumb\"},\"inLanguage\":\"en-US\",\"potentialAction\":[{\"@type\":\"ReadAction\",\"target\":[\"https:\\\/\\\/fineartsconstruction.com\\\/en\\\/projects\\\/\"]}]},{\"@type\":\"BreadcrumbList\",\"@id\":\"https:\\\/\\\/fineartsconstruction.com\\\/en\\\/projects\\\/#breadcrumb\",\"itemListElement\":[{\"@type\":\"ListItem\",\"position\":1,\"name\":\"Anasayfa\",\"item\":\"https:\\\/\\\/fineartsconstruction.com\\\/en\\\/\"},{\"@type\":\"ListItem\",\"position\":2,\"name\":\"Our Projects\"}]},{\"@type\":\"WebSite\",\"@id\":\"https:\\\/\\\/fineartsconstruction.com\\\/#website\",\"url\":\"https:\\\/\\\/fineartsconstruction.com\\\/\",\"name\":\"Fine Arts Construction\",\"description\":\"Rafine Zevklerin Mimari \u0130\u015f\u00e7ili\u011fi\",\"publisher\":{\"@id\":\"https:\\\/\\\/fineartsconstruction.com\\\/#organization\"},\"potentialAction\":[{\"@type\":\"SearchAction\",\"target\":{\"@type\":\"EntryPoint\",\"urlTemplate\":\"https:\\\/\\\/fineartsconstruction.com\\\/?s={search_term_string}\"},\"query-input\":{\"@type\":\"PropertyValueSpecification\",\"valueRequired\":true,\"valueName\":\"search_term_string\"}}],\"inLanguage\":\"en-US\"},{\"@type\":\"Organization\",\"@id\":\"https:\\\/\\\/fineartsconstruction.com\\\/#organization\",\"name\":\"Fine Arts Construction\",\"url\":\"https:\\\/\\\/fineartsconstruction.com\\\/\",\"logo\":{\"@type\":\"ImageObject\",\"inLanguage\":\"en-US\",\"@id\":\"https:\\\/\\\/fineartsconstruction.com\\\/#\\\/schema\\\/logo\\\/image\\\/\",\"url\":\"https:\\\/\\\/fineartsconstruction.com\\\/wp-content\\\/uploads\\\/2020\\\/04\\\/Fine_Arts_Yatay_Logo.png\",\"contentUrl\":\"https:\\\/\\\/fineartsconstruction.com\\\/wp-content\\\/uploads\\\/2020\\\/04\\\/Fine_Arts_Yatay_Logo.png\",\"width\":1400,\"height\":335,\"caption\":\"Fine Arts Construction\"},\"image\":{\"@id\":\"https:\\\/\\\/fineartsconstruction.com\\\/#\\\/schema\\\/logo\\\/image\\\/\"}}]}<\/script>\n<!-- \/ Yoast SEO plugin. -->","yoast_head_json":{"title":"Our Projects - Fine Arts Construction","robots":{"index":"index","follow":"follow","max-snippet":"max-snippet:-1","max-image-preview":"max-image-preview:large","max-video-preview":"max-video-preview:-1"},"canonical":"https:\/\/fineartsconstruction.com\/en\/projects\/","og_locale":"en_US","og_type":"article","og_title":"Our Projects - Fine Arts Construction","og_description":"42nd STREET Mall &amp; Residence Eagle Nest Residence Previous Projects","og_url":"https:\/\/fineartsconstruction.com\/en\/projects\/","og_site_name":"Fine Arts Construction","article_modified_time":"2023-10-11T01:07:49+00:00","twitter_card":"summary_large_image","twitter_misc":{"Est. reading time":"1 minute"},"schema":{"@context":"https:\/\/schema.org","@graph":[{"@type":"WebPage","@id":"https:\/\/fineartsconstruction.com\/en\/projects\/","url":"https:\/\/fineartsconstruction.com\/en\/projects\/","name":"Our Projects - Fine Arts Construction","isPartOf":{"@id":"https:\/\/fineartsconstruction.com\/#website"},"datePublished":"2023-08-19T18:41:33+00:00","dateModified":"2023-10-11T01:07:49+00:00","breadcrumb":{"@id":"https:\/\/fineartsconstruction.com\/en\/projects\/#breadcrumb"},"inLanguage":"en-US","potentialAction":[{"@type":"ReadAction","target":["https:\/\/fineartsconstruction.com\/en\/projects\/"]}]},{"@type":"BreadcrumbList","@id":"https:\/\/fineartsconstruction.com\/en\/projects\/#breadcrumb","itemListElement":[{"@type":"ListItem","position":1,"name":"Anasayfa","item":"https:\/\/fineartsconstruction.com\/en\/"},{"@type":"ListItem","position":2,"name":"Our Projects"}]},{"@type":"WebSite","@id":"https:\/\/fineartsconstruction.com\/#website","url":"https:\/\/fineartsconstruction.com\/","name":"Fine Arts Construction","description":"Rafine Zevklerin Mimari \u0130\u015f\u00e7ili\u011fi","publisher":{"@id":"https:\/\/fineartsconstruction.com\/#organization"},"potentialAction":[{"@type":"SearchAction","target":{"@type":"EntryPoint","urlTemplate":"https:\/\/fineartsconstruction.com\/?s={search_term_string}"},"query-input":{"@type":"PropertyValueSpecification","valueRequired":true,"valueName":"search_term_string"}}],"inLanguage":"en-US"},{"@type":"Organization","@id":"https:\/\/fineartsconstruction.com\/#organization","name":"Fine Arts Construction","url":"https:\/\/fineartsconstruction.com\/","logo":{"@type":"ImageObject","inLanguage":"en-US","@id":"https:\/\/fineartsconstruction.com\/#\/schema\/logo\/image\/","url":"https:\/\/fineartsconstruction.com\/wp-content\/uploads\/2020\/04\/Fine_Arts_Yatay_Logo.png","contentUrl":"https:\/\/fineartsconstruction.com\/wp-content\/uploads\/2020\/04\/Fine_Arts_Yatay_Logo.png","width":1400,"height":335,"caption":"Fine Arts Construction"},"image":{"@id":"https:\/\/fineartsconstruction.com\/#\/schema\/logo\/image\/"}}]}},"_links":{"self":[{"href":"https:\/\/fineartsconstruction.com\/en\/wp-json\/wp\/v2\/pages\/1692","targetHints":{"allow":["GET"]}}],"collection":[{"href":"https:\/\/fineartsconstruction.com\/en\/wp-json\/wp\/v2\/pages"}],"about":[{"href":"https:\/\/fineartsconstruction.com\/en\/wp-json\/wp\/v2\/types\/page"}],"author":[{"embeddable":true,"href":"https:\/\/fineartsconstruction.com\/en\/wp-json\/wp\/v2\/users\/3"}],"replies":[{"embeddable":true,"href":"https:\/\/fineartsconstruction.com\/en\/wp-json\/wp\/v2\/comments?post=1692"}],"version-history":[{"count":10,"href":"https:\/\/fineartsconstruction.com\/en\/wp-json\/wp\/v2\/pages\/1692\/revisions"}],"predecessor-version":[{"id":2154,"href":"https:\/\/fineartsconstruction.com\/en\/wp-json\/wp\/v2\/pages\/1692\/revisions\/2154"}],"wp:attachment":[{"href":"https:\/\/fineartsconstruction.com\/en\/wp-json\/wp\/v2\/media?parent=1692"}],"curies":[{"name":"wp","href":"https:\/\/api.w.org\/{rel}","templated":true}]}}